{"id":9077,"date":"2019-09-27T16:26:00","date_gmt":"2019-09-27T15:26:00","guid":{"rendered":"https:\/\/dev.tafeldeko.de\/news\/?page_id=9077"},"modified":"2023-10-11T20:38:36","modified_gmt":"2023-10-11T19:38:36","slug":"home","status":"publish","type":"page","link":"https:\/\/www.tafeldeko.de\/news\/","title":{"rendered":"Home"},"content":{"rendered":"<p><a href=\"https:\/\/www.tafeldeko.de\/news\/einschulung\/\">Endlich SchulkindJetzt entdecken!<\/a><a href=\"https:\/\/www.tafeldeko.de\/news\/herbstzeit\/\">Herzlich Willkommen- Dekoideen zum Herbstanfang -Jetzt entdecken!<\/a><a href=\"https:\/\/www.tafeldeko.de\/news\/servietten-falten\/\">Servietten falten &#8211; Schritt f\u00fcr Schritt Anleitung -Jetzt entdecken!<\/a><br \/>\n\t\t\t\t\t\t\t\t\t\t\t\t\t\tPrevious slide<br \/>\n\t\t\t\t\t\t\t\t\t\t\t\t\t\tNext slide<\/p>\n<h2>Deko-Ideen ganz nach meinem Geschmack<\/h2>\n<p>\t\t\t\t\t\t\t\t\t\t\t\t\t\t\t\t<a href=\"https:\/\/www.tafeldeko.de\/news\/tipps-fuer-dein-event\/\"><br \/>\n\t\t\t\t\t\t\t<img decoding=\"async\" width=\"620\" height=\"400\" src=\"https:\/\/www.tafeldeko.de\/news\/wp-content\/uploads\/2019\/09\/dekotipps-event.jpg\" alt=\"\" loading=\"lazy\" srcset=\"https:\/\/www.tafeldeko.de\/news\/wp-content\/uploads\/2019\/09\/dekotipps-event.jpg 620w, https:\/\/www.tafeldeko.de\/news\/wp-content\/uploads\/2019\/09\/dekotipps-event-300x194.jpg 300w\" sizes=\"(max-width: 620px) 100vw, 620px\" \/>\t\t\t\t\t\t\t\t<\/a><\/p>\n<figure>\n\t\t\t\t\t\t\t\t\t\t\t<a href=\"https:\/\/www.tafeldeko.de\/news\/?page_id=10562&#038;preview=true\"><br \/>\n\t\t\t\t\t\t\t<img decoding=\"async\" width=\"620\" height=\"400\" src=\"https:\/\/www.tafeldeko.de\/news\/wp-content\/uploads\/2019\/09\/ideen-tsch.jpg\" alt=\"\" loading=\"lazy\" srcset=\"https:\/\/www.tafeldeko.de\/news\/wp-content\/uploads\/2019\/09\/ideen-tsch.jpg 620w, https:\/\/www.tafeldeko.de\/news\/wp-content\/uploads\/2019\/09\/ideen-tsch-300x194.jpg 300w\" sizes=\"(max-width: 620px) 100vw, 620px\" \/>\t\t\t\t\t\t\t\t<\/a><figcaption><\/figcaption><\/figure>\n<p>\t\t\t\t\t\t\t\t\t\t\t\t\t\t\t\t<a href=\"https:\/\/www.tafeldeko.de\/news\/einfach-selber-machen-diys-mit-liebe-zum-detail\/\"><br \/>\n\t\t\t\t\t\t\t<img decoding=\"async\" width=\"1250\" height=\"400\" src=\"https:\/\/www.tafeldeko.de\/news\/wp-content\/uploads\/2019\/09\/selber-machen-diy.jpg\" alt=\"\" loading=\"lazy\" srcset=\"https:\/\/www.tafeldeko.de\/news\/wp-content\/uploads\/2019\/09\/selber-machen-diy.jpg 1250w, https:\/\/www.tafeldeko.de\/news\/wp-content\/uploads\/2019\/09\/selber-machen-diy-300x96.jpg 300w, https:\/\/www.tafeldeko.de\/news\/wp-content\/uploads\/2019\/09\/selber-machen-diy-768x246.jpg 768w, https:\/\/www.tafeldeko.de\/news\/wp-content\/uploads\/2019\/09\/selber-machen-diy-1024x328.jpg 1024w, https:\/\/www.tafeldeko.de\/news\/wp-content\/uploads\/2019\/09\/selber-machen-diy-640x205.jpg 640w\" sizes=\"(max-width: 1250px) 100vw, 1250px\" \/>\t\t\t\t\t\t\t\t<\/a><\/p>\n<h2>News, Tipps &amp; Trends<\/h2>\n<h2>&#8220;\u00dcber uns&#8221;<\/h2>\n<p>WIR sind ein tolles Team &#8211; wir sind Tafeldeko!<\/p>\n<p>Tischdekoration ist unsere Leidenschaft und genau das leben und lieben wir.<\/p>\n<p>Euch teilhaben zu lassen an<\/p>\n<ul>\n<li>unseren Ideen und Produktentdeckungen<\/li>\n<li>unseren Erfahrungen und<\/li>\n<li>unseren kreativen Dekorationen,<\/li>\n<\/ul>\n<p>&nbsp;<br \/>\neinfach an Allem, was wir seit 2007 jeden Tag mit Begeisterung tun, macht uns riesige Freude. Euer Feedback motiviert uns immer wieder auf&#8217;s Neue und zeigt uns, dass Kreativit\u00e4t keine Grenzen kennt.<\/p>\n<p><b>Was uns antreibt:<\/b><\/p>\n<p>Der Wunsch individuell zu bleiben und die sch\u00f6nsten Dekorationen zu schaffen &#8211; f\u00fcr jedes Fest, zu jeden Anlass und f\u00fcr Euer Zuhause. Tischdekoration f\u00fcr Euch und mit Euch perfekt zu machen, das schaffen wir gemeinsam jeden Tag.<\/p>\n<p><strong>Wie uns das gelingt:<\/strong><\/p>\n<p>Ganz einfach, indem wir uns Eure W\u00fcnsche zu Herzen nehmen und weil das, was wir tun, uns gl\u00fccklich macht. Als Team sind wir immer pers\u00f6nlich f\u00fcr Euch da und stehen Euch liebend gern mit Rat und Tat zur Seite. Lasst Euch von uns inspirieren, genie\u00dft unsere Beitr\u00e4ge und Bilder, holt Euch Tipps und Anleitungen f\u00fcr eine perfekte Deko.<\/p>\n<p>Wenn Ihr noch mehr \u00fcber uns erfahren wollt, wie alles angefangen hat, wo Ihr uns findet und was uns so besonders macht, dann bitte hier <a href=\"https:\/\/www.tafeldeko.de\/news\/ueber-uns\/\"><b>weiterlesen<\/b>. <\/a><a href=\"https:\/\/www.tafeldeko.de\/news\/ueber-uns\/\"><b><br \/><\/b><\/a><\/p>\n","protected":false},"excerpt":{"rendered":"<p>Endlich SchulkindJetzt entdecken!Herzlich Willkommen- Dekoideen zum Herbstanfang -Jetzt entdecken!Servietten falten &#8211; Schritt f\u00fcr Schritt Anleitung -Jetzt entdecken! Previous slide Next slide Deko-Ideen ganz nach meinem Geschmack News, Tipps &amp; Trends &#8220;\u00dcber uns&#8221; WIR sind ein tolles Team &#8211; wir sind Tafeldeko! Tischdekoration ist unsere Leidenschaft und genau das leben und lieben wir. Euch teilhaben zu [&hellip;]<\/p>\n","protected":false},"author":9,"featured_media":0,"parent":0,"menu_order":0,"comment_status":"closed","ping_status":"closed","template":"","meta":{"footnotes":""},"yoast_head":"<!-- This site is optimized with the Yoast SEO plugin v20.4 - https:\/\/yoast.com\/wordpress\/plugins\/seo\/ -->\n<title>Home - Tafeldeko<\/title>\n<meta name=\"robots\" content=\"noindex, follow\" \/>\n<meta property=\"og:locale\" content=\"de_DE\" \/>\n<meta property=\"og:type\" content=\"article\" \/>\n<meta property=\"og:title\" content=\"Home - Tafeldeko\" \/>\n<meta property=\"og:description\" content=\"Endlich SchulkindJetzt entdecken!Herzlich Willkommen- Dekoideen zum Herbstanfang -Jetzt entdecken!Servietten falten &#8211; Schritt f\u00fcr Schritt Anleitung -Jetzt entdecken! Previous slide Next slide Deko-Ideen ganz nach meinem Geschmack News, Tipps &amp; Trends &#8220;\u00dcber uns&#8221; WIR sind ein tolles Team &#8211; wir sind Tafeldeko! Tischdekoration ist unsere Leidenschaft und genau das leben und lieben wir. Euch teilhaben zu [&hellip;]\" \/>\n<meta property=\"og:url\" content=\"https:\/\/www.tafeldeko.de\/news\/\" \/>\n<meta property=\"og:site_name\" content=\"Tafeldeko\" \/>\n<meta property=\"article:publisher\" content=\"https:\/\/www.facebook.com\/pages\/Tafeldeko-einzigartige-Tischdekoration\/174202655894\" \/>\n<meta property=\"article:modified_time\" content=\"2023-10-11T19:38:36+00:00\" \/>\n<meta property=\"og:image\" content=\"https:\/\/www.tafeldeko.de\/news\/wp-content\/uploads\/2019\/09\/dekotipps-event.jpg\" \/>\n<meta name=\"twitter:label1\" content=\"Gesch\u00e4tzte Lesezeit\" \/>\n\t<meta name=\"twitter:data1\" content=\"4 Minuten\" \/>\n<script type=\"application\/ld+json\" class=\"yoast-schema-graph\">{\"@context\":\"https:\/\/schema.org\",\"@graph\":[{\"@type\":\"WebPage\",\"@id\":\"https:\/\/www.tafeldeko.de\/news\/\",\"url\":\"https:\/\/www.tafeldeko.de\/news\/\",\"name\":\"Home - Tafeldeko\",\"isPartOf\":{\"@id\":\"https:\/\/www.tafeldeko.de\/news\/#website\"},\"datePublished\":\"2019-09-27T15:26:00+00:00\",\"dateModified\":\"2023-10-11T19:38:36+00:00\",\"breadcrumb\":{\"@id\":\"https:\/\/www.tafeldeko.de\/news\/#breadcrumb\"},\"inLanguage\":\"de-DE\",\"potentialAction\":[{\"@type\":\"ReadAction\",\"target\":[\"https:\/\/www.tafeldeko.de\/news\/\"]}]},{\"@type\":\"BreadcrumbList\",\"@id\":\"https:\/\/www.tafeldeko.de\/news\/#breadcrumb\",\"itemListElement\":[{\"@type\":\"ListItem\",\"position\":1,\"name\":\"Tafeldeko\",\"item\":\"https:\/\/www.tafeldeko.de\/news\/\"},{\"@type\":\"ListItem\",\"position\":2,\"name\":\"Home\"}]},{\"@type\":\"WebSite\",\"@id\":\"https:\/\/www.tafeldeko.de\/news\/#website\",\"url\":\"https:\/\/www.tafeldeko.de\/news\/\",\"name\":\"Tafeldeko\",\"description\":\"Blog mit Tischdeko und Tischdekoration Ideen\",\"potentialAction\":[{\"@type\":\"SearchAction\",\"target\":{\"@type\":\"EntryPoint\",\"urlTemplate\":\"https:\/\/www.tafeldeko.de\/news\/?s={search_term_string}\"},\"query-input\":\"required name=search_term_string\"}],\"inLanguage\":\"de-DE\"}]}<\/script>\n<!-- \/ Yoast SEO plugin. -->","yoast_head_json":{"title":"Home - Tafeldeko","robots":{"index":"noindex","follow":"follow"},"og_locale":"de_DE","og_type":"article","og_title":"Home - Tafeldeko","og_description":"Endlich SchulkindJetzt entdecken!Herzlich Willkommen- Dekoideen zum Herbstanfang -Jetzt entdecken!Servietten falten &#8211; Schritt f\u00fcr Schritt Anleitung -Jetzt entdecken! Previous slide Next slide Deko-Ideen ganz nach meinem Geschmack News, Tipps &amp; Trends &#8220;\u00dcber uns&#8221; WIR sind ein tolles Team &#8211; wir sind Tafeldeko! Tischdekoration ist unsere Leidenschaft und genau das leben und lieben wir. Euch teilhaben zu [&hellip;]","og_url":"https:\/\/www.tafeldeko.de\/news\/","og_site_name":"Tafeldeko","article_publisher":"https:\/\/www.facebook.com\/pages\/Tafeldeko-einzigartige-Tischdekoration\/174202655894","article_modified_time":"2023-10-11T19:38:36+00:00","og_image":[{"url":"https:\/\/www.tafeldeko.de\/news\/wp-content\/uploads\/2019\/09\/dekotipps-event.jpg"}],"twitter_misc":{"Gesch\u00e4tzte Lesezeit":"4 Minuten"},"schema":{"@context":"https:\/\/schema.org","@graph":[{"@type":"WebPage","@id":"https:\/\/www.tafeldeko.de\/news\/","url":"https:\/\/www.tafeldeko.de\/news\/","name":"Home - Tafeldeko","isPartOf":{"@id":"https:\/\/www.tafeldeko.de\/news\/#website"},"datePublished":"2019-09-27T15:26:00+00:00","dateModified":"2023-10-11T19:38:36+00:00","breadcrumb":{"@id":"https:\/\/www.tafeldeko.de\/news\/#breadcrumb"},"inLanguage":"de-DE","potentialAction":[{"@type":"ReadAction","target":["https:\/\/www.tafeldeko.de\/news\/"]}]},{"@type":"BreadcrumbList","@id":"https:\/\/www.tafeldeko.de\/news\/#breadcrumb","itemListElement":[{"@type":"ListItem","position":1,"name":"Tafeldeko","item":"https:\/\/www.tafeldeko.de\/news\/"},{"@type":"ListItem","position":2,"name":"Home"}]},{"@type":"WebSite","@id":"https:\/\/www.tafeldeko.de\/news\/#website","url":"https:\/\/www.tafeldeko.de\/news\/","name":"Tafeldeko","description":"Blog mit Tischdeko und Tischdekoration Ideen","potentialAction":[{"@type":"SearchAction","target":{"@type":"EntryPoint","urlTemplate":"https:\/\/www.tafeldeko.de\/news\/?s={search_term_string}"},"query-input":"required name=search_term_string"}],"inLanguage":"de-DE"}]}},"_links":{"self":[{"href":"https:\/\/www.tafeldeko.de\/news\/wp-json\/wp\/v2\/pages\/9077"}],"collection":[{"href":"https:\/\/www.tafeldeko.de\/news\/wp-json\/wp\/v2\/pages"}],"about":[{"href":"https:\/\/www.tafeldeko.de\/news\/wp-json\/wp\/v2\/types\/page"}],"author":[{"embeddable":true,"href":"https:\/\/www.tafeldeko.de\/news\/wp-json\/wp\/v2\/users\/9"}],"replies":[{"embeddable":true,"href":"https:\/\/www.tafeldeko.de\/news\/wp-json\/wp\/v2\/comments?post=9077"}],"version-history":[{"count":307,"href":"https:\/\/www.tafeldeko.de\/news\/wp-json\/wp\/v2\/pages\/9077\/revisions"}],"predecessor-version":[{"id":25892,"href":"https:\/\/www.tafeldeko.de\/news\/wp-json\/wp\/v2\/pages\/9077\/revisions\/25892"}],"wp:attachment":[{"href":"https:\/\/www.tafeldeko.de\/news\/wp-json\/wp\/v2\/media?parent=9077"}],"curies":[{"name":"wp","href":"https:\/\/api.w.org\/{rel}","templated":true}]}}