{"id":9023,"date":"2019-09-26T15:52:07","date_gmt":"2019-09-26T14:52:07","guid":{"rendered":"https:\/\/dev.tafeldeko.de\/news\/?page_id=9023"},"modified":"2023-10-11T20:14:30","modified_gmt":"2023-10-11T19:14:30","slug":"ueber-uns","status":"publish","type":"page","link":"https:\/\/www.tafeldeko.de\/news\/ueber-uns\/","title":{"rendered":"\u00dcber uns"},"content":{"rendered":"<h2><strong>Tischdekoration ist unsere Leidenschaft<\/strong><\/h2>\n<p>Begonnen hat alles im Jahr 2007 in einem kleinen Bastel- und Dekorationsgesch\u00e4ft im Saarland.<\/p>\n<p>Dort konnte man kreative Ideen, sch\u00f6ne Dekorationsartikel und wundervolle Bastelarbeiten bestaunen. <br \/>Begeistert und fasziniert von den nahezu grenzenlosen M\u00f6glichkeiten einen schlichten Tisch wundersch\u00f6n und individuell zu dekorieren und geleitet von dem Wunsch, diese Tischdeko-Ideen jedermann zug\u00e4nglich zu machen, entstand die Firma Tafeldeko. Und so haben wir vor vielen Jahren damit begonnen Mustertische zu gestalten und die Dekorationsartikel des kleinen Ladens im Saarland, auf unserer Homepage tafeldeko.de zu pr\u00e4sentieren. <\/p>\n<p>Unseren kleinen Laden im Saarland gibt es heute noch. Dort kreiert unser Team jeden Tag neue Tischdekorationen, entwirft Kartendesigns, fertigt Dekorationsartikel, Gastgeschenke und vieles mehr. Unsere Mustertische stehen dort \u201ezum Anfassen\u201c bereit. Den Spa\u00df und die Freude an der Arbeit merkst du sofort, wenn du bei uns bist.<\/p>\n<p style=\"text-align: justify;\">Ganz besonders wichtig ist und war f\u00fcr uns immer, pers\u00f6nlich f\u00fcr unsere Kunden da zu sein. In unserem Ladengesch\u00e4ft pr\u00e4sentieren wir nicht nur unsere Mustertische, sondern geben auch unsere gesamte Erfahrung an Euch weiter. Unser Team ber\u00e4t dich, deckt einen Tisch nach deinen W\u00fcnschen und bezieht nat\u00fcrlich auch die Dekorationsartikel ein, die du bereits zuhause hast.<\/p>\n<figure><img decoding=\"async\" src=\"https:\/\/www.tafeldeko.de\/news\/wp-content\/uploads\/2020\/04\/MG_4794-200x300.jpg\" alt=\"_MG_4794\" \/><\/figure>\n<figure><img decoding=\"async\" src=\"https:\/\/www.tafeldeko.de\/news\/wp-content\/uploads\/2020\/04\/MG_4769-200x300.jpg\" alt=\"_MG_4769\" \/><\/figure>\n<figure><img decoding=\"async\" src=\"https:\/\/www.tafeldeko.de\/news\/wp-content\/uploads\/2020\/04\/MG_4915-200x300.jpg\" alt=\"_MG_4915\" \/><\/figure>\n<figure><img decoding=\"async\" src=\"https:\/\/www.tafeldeko.de\/news\/wp-content\/uploads\/2020\/04\/2019-01-25-12.17.44-225x300.jpg\" alt=\"2019-01-25 12.17.44\" \/><\/figure>\n<figure><img decoding=\"async\" src=\"https:\/\/www.tafeldeko.de\/news\/wp-content\/uploads\/2020\/04\/4-200x300.jpeg\" alt=\"4\" \/><\/figure>\n<figure><img decoding=\"async\" src=\"https:\/\/www.tafeldeko.de\/news\/wp-content\/uploads\/2020\/04\/3-169x300.jpeg\" alt=\"3\" \/><\/figure>\n<figure><img decoding=\"async\" src=\"https:\/\/www.tafeldeko.de\/news\/wp-content\/uploads\/2020\/04\/MG_4807-200x300.jpg\" alt=\"_MG_4807\" \/><\/figure>\n<figure><img decoding=\"async\" src=\"https:\/\/www.tafeldeko.de\/news\/wp-content\/uploads\/2020\/04\/WhatsApp-Image-2020-04-02-at-11.28.22-225x300.jpeg\" alt=\"WhatsApp Image 2020-04-02 at 11.28.22\" \/><\/figure>\n<p>Auch in unserem Onlineshop steht der Kunde an erster Stelle. Von Menschen zu Menschen, pers\u00f6nlich da zu sein, Fragen zu beantworten, zu beraten, ist das, was uns so besonders macht. <\/p>\n<p>Wir sind stolz darauf und dankbar, all die Vorz\u00fcge unseres kleinen Ladengesch\u00e4fts auch in unserer globalen Welt aufrecht erhalten zu haben. Die Kraft, die uns jeden Tag aufs Neue motiviert ist die pers\u00f6nliche Beziehung zu Euch, dass Miteinander und die Freude an unserem Tun. <br \/>In unserem Deko-Magazin wollen wir Euch mit spannenden und informativen Beitr\u00e4gen rund um die Welt der Tischdekoration versorgen. Hier sammeln wir unsere Dekoideen. Wir informieren euch \u00fcber die neuen Trends, zeigen Tipps und Tricks f\u00fcr eine wundersch\u00f6ne Deko und inspirieren durch viele gro\u00dfartige Bilder. <\/p>\n<p>Wir nehmen euch mit auf eine Reise durch die Welt der Dekoration. Hier gibt es nicht nur viel zu entdecken, sondern auch wertvolle Informationen rund um das Thema Tischdekoration, festliche Anl\u00e4sse und Feiern. <\/p>\n<p>In unserem Tafeldeko Magazin findet ihr auch tolle Dekoartikel und jede Menge Fachwissen. Wir beantworten viele Fragen und zeigen euch wie man Servietten faltet, einen Tisch eindeckt, Blumen arrangiert und Feste gestaltet. <\/p>\n<p>Wir m\u00f6chten, dass ihr ein wunderbares Fest feiert und unsere einzigartige Tischdekoration dazu beitr\u00e4gt. <\/p>\n<p>\u2026und wie gesagt, wir sind immer pers\u00f6nlich f\u00fcr euch da, in unserem Laden in Wadern, per Telefon oder E-Mail. <\/p>\n<p>Euer Tafeldeko-Team<\/p>\n<figure><img decoding=\"async\" src=\"https:\/\/www.tafeldeko.de\/news\/wp-content\/uploads\/2020\/04\/10-768x512.jpeg\" alt=\"10\" \/><\/figure>\n<figure><img decoding=\"async\" src=\"https:\/\/www.tafeldeko.de\/news\/wp-content\/uploads\/2020\/04\/WhatsApp-Image-2020-04-02-at-11.28.23-768x512.jpeg\" alt=\"WhatsApp Image 2020-04-02 at 11.28.23\" \/><\/figure>\n<figure><img decoding=\"async\" src=\"https:\/\/www.tafeldeko.de\/news\/wp-content\/uploads\/2020\/04\/WhatsApp-Image-2020-04-02-at-11.28.21-768x512.jpeg\" alt=\"WhatsApp Image 2020-04-02 at 11.28.21\" \/><\/figure>\n<figure><img decoding=\"async\" src=\"https:\/\/www.tafeldeko.de\/news\/wp-content\/uploads\/2020\/04\/WhatsApp-Image-2020-04-02-at-11.28.20-768x512.jpeg\" alt=\"WhatsApp Image 2020-04-02 at 11.28.20\" \/><\/figure>\n<figure><img decoding=\"async\" src=\"https:\/\/www.tafeldeko.de\/news\/wp-content\/uploads\/2020\/04\/MG_4737-768x512.jpg\" alt=\"_MG_4737\" \/><\/figure>\n<figure><img decoding=\"async\" src=\"https:\/\/www.tafeldeko.de\/news\/wp-content\/uploads\/2020\/04\/MG_4943-768x512.jpg\" alt=\"_MG_4943\" \/><\/figure>\n<figure><img decoding=\"async\" src=\"https:\/\/www.tafeldeko.de\/news\/wp-content\/uploads\/2020\/04\/MG_4926-768x512.jpg\" alt=\"_MG_4926\" \/><\/figure>\n<figure><img decoding=\"async\" src=\"https:\/\/www.tafeldeko.de\/news\/wp-content\/uploads\/2020\/04\/MG_4934-768x512.jpg\" alt=\"_MG_4934\" \/><\/figure>\n","protected":false},"excerpt":{"rendered":"<p>Tischdekoration ist unsere Leidenschaft Begonnen hat alles im Jahr 2007 in einem kleinen Bastel- und Dekorationsgesch\u00e4ft im Saarland. Dort konnte man kreative Ideen, sch\u00f6ne Dekorationsartikel und wundervolle Bastelarbeiten bestaunen. Begeistert und fasziniert von den nahezu grenzenlosen M\u00f6glichkeiten einen schlichten Tisch wundersch\u00f6n und individuell zu dekorieren und geleitet von dem Wunsch, diese Tischdeko-Ideen jedermann zug\u00e4nglich zu [&hellip;]<\/p>\n","protected":false},"author":9,"featured_media":0,"parent":0,"menu_order":0,"comment_status":"closed","ping_status":"closed","template":"","meta":{"footnotes":""},"yoast_head":"<!-- This site is optimized with the Yoast SEO plugin v20.4 - https:\/\/yoast.com\/wordpress\/plugins\/seo\/ -->\n<title>\u00dcber uns - Tafeldeko<\/title>\n<meta name=\"robots\" content=\"noindex, follow\" \/>\n<meta property=\"og:locale\" content=\"de_DE\" \/>\n<meta property=\"og:type\" content=\"article\" \/>\n<meta property=\"og:title\" content=\"\u00dcber uns - Tafeldeko\" \/>\n<meta property=\"og:description\" content=\"Tischdekoration ist unsere Leidenschaft Begonnen hat alles im Jahr 2007 in einem kleinen Bastel- und Dekorationsgesch\u00e4ft im Saarland. Dort konnte man kreative Ideen, sch\u00f6ne Dekorationsartikel und wundervolle Bastelarbeiten bestaunen. Begeistert und fasziniert von den nahezu grenzenlosen M\u00f6glichkeiten einen schlichten Tisch wundersch\u00f6n und individuell zu dekorieren und geleitet von dem Wunsch, diese Tischdeko-Ideen jedermann zug\u00e4nglich zu [&hellip;]\" \/>\n<meta property=\"og:url\" content=\"https:\/\/www.tafeldeko.de\/news\/ueber-uns\/\" \/>\n<meta property=\"og:site_name\" content=\"Tafeldeko\" \/>\n<meta property=\"article:publisher\" content=\"https:\/\/www.facebook.com\/pages\/Tafeldeko-einzigartige-Tischdekoration\/174202655894\" \/>\n<meta property=\"article:modified_time\" content=\"2023-10-11T19:14:30+00:00\" \/>\n<meta property=\"og:image\" content=\"https:\/\/www.tafeldeko.de\/news\/wp-content\/uploads\/2020\/04\/MG_4794-200x300.jpg\" \/>\n<meta name=\"twitter:label1\" content=\"Gesch\u00e4tzte Lesezeit\" \/>\n\t<meta name=\"twitter:data1\" content=\"9 Minuten\" \/>\n<script type=\"application\/ld+json\" class=\"yoast-schema-graph\">{\"@context\":\"https:\/\/schema.org\",\"@graph\":[{\"@type\":\"WebPage\",\"@id\":\"https:\/\/www.tafeldeko.de\/news\/ueber-uns\/\",\"url\":\"https:\/\/www.tafeldeko.de\/news\/ueber-uns\/\",\"name\":\"\u00dcber uns - Tafeldeko\",\"isPartOf\":{\"@id\":\"https:\/\/www.tafeldeko.de\/news\/#website\"},\"datePublished\":\"2019-09-26T14:52:07+00:00\",\"dateModified\":\"2023-10-11T19:14:30+00:00\",\"breadcrumb\":{\"@id\":\"https:\/\/www.tafeldeko.de\/news\/ueber-uns\/#breadcrumb\"},\"inLanguage\":\"de-DE\",\"potentialAction\":[{\"@type\":\"ReadAction\",\"target\":[\"https:\/\/www.tafeldeko.de\/news\/ueber-uns\/\"]}]},{\"@type\":\"BreadcrumbList\",\"@id\":\"https:\/\/www.tafeldeko.de\/news\/ueber-uns\/#breadcrumb\",\"itemListElement\":[{\"@type\":\"ListItem\",\"position\":1,\"name\":\"Tafeldeko\",\"item\":\"https:\/\/www.tafeldeko.de\/news\/\"},{\"@type\":\"ListItem\",\"position\":2,\"name\":\"\u00dcber uns\"}]},{\"@type\":\"WebSite\",\"@id\":\"https:\/\/www.tafeldeko.de\/news\/#website\",\"url\":\"https:\/\/www.tafeldeko.de\/news\/\",\"name\":\"Tafeldeko\",\"description\":\"Blog mit Tischdeko und Tischdekoration Ideen\",\"potentialAction\":[{\"@type\":\"SearchAction\",\"target\":{\"@type\":\"EntryPoint\",\"urlTemplate\":\"https:\/\/www.tafeldeko.de\/news\/?s={search_term_string}\"},\"query-input\":\"required name=search_term_string\"}],\"inLanguage\":\"de-DE\"}]}<\/script>\n<!-- \/ Yoast SEO plugin. -->","yoast_head_json":{"title":"\u00dcber uns - Tafeldeko","robots":{"index":"noindex","follow":"follow"},"og_locale":"de_DE","og_type":"article","og_title":"\u00dcber uns - Tafeldeko","og_description":"Tischdekoration ist unsere Leidenschaft Begonnen hat alles im Jahr 2007 in einem kleinen Bastel- und Dekorationsgesch\u00e4ft im Saarland. Dort konnte man kreative Ideen, sch\u00f6ne Dekorationsartikel und wundervolle Bastelarbeiten bestaunen. Begeistert und fasziniert von den nahezu grenzenlosen M\u00f6glichkeiten einen schlichten Tisch wundersch\u00f6n und individuell zu dekorieren und geleitet von dem Wunsch, diese Tischdeko-Ideen jedermann zug\u00e4nglich zu [&hellip;]","og_url":"https:\/\/www.tafeldeko.de\/news\/ueber-uns\/","og_site_name":"Tafeldeko","article_publisher":"https:\/\/www.facebook.com\/pages\/Tafeldeko-einzigartige-Tischdekoration\/174202655894","article_modified_time":"2023-10-11T19:14:30+00:00","og_image":[{"url":"https:\/\/www.tafeldeko.de\/news\/wp-content\/uploads\/2020\/04\/MG_4794-200x300.jpg"}],"twitter_misc":{"Gesch\u00e4tzte Lesezeit":"9 Minuten"},"schema":{"@context":"https:\/\/schema.org","@graph":[{"@type":"WebPage","@id":"https:\/\/www.tafeldeko.de\/news\/ueber-uns\/","url":"https:\/\/www.tafeldeko.de\/news\/ueber-uns\/","name":"\u00dcber uns - Tafeldeko","isPartOf":{"@id":"https:\/\/www.tafeldeko.de\/news\/#website"},"datePublished":"2019-09-26T14:52:07+00:00","dateModified":"2023-10-11T19:14:30+00:00","breadcrumb":{"@id":"https:\/\/www.tafeldeko.de\/news\/ueber-uns\/#breadcrumb"},"inLanguage":"de-DE","potentialAction":[{"@type":"ReadAction","target":["https:\/\/www.tafeldeko.de\/news\/ueber-uns\/"]}]},{"@type":"BreadcrumbList","@id":"https:\/\/www.tafeldeko.de\/news\/ueber-uns\/#breadcrumb","itemListElement":[{"@type":"ListItem","position":1,"name":"Tafeldeko","item":"https:\/\/www.tafeldeko.de\/news\/"},{"@type":"ListItem","position":2,"name":"\u00dcber uns"}]},{"@type":"WebSite","@id":"https:\/\/www.tafeldeko.de\/news\/#website","url":"https:\/\/www.tafeldeko.de\/news\/","name":"Tafeldeko","description":"Blog mit Tischdeko und Tischdekoration Ideen","potentialAction":[{"@type":"SearchAction","target":{"@type":"EntryPoint","urlTemplate":"https:\/\/www.tafeldeko.de\/news\/?s={search_term_string}"},"query-input":"required name=search_term_string"}],"inLanguage":"de-DE"}]}},"_links":{"self":[{"href":"https:\/\/www.tafeldeko.de\/news\/wp-json\/wp\/v2\/pages\/9023"}],"collection":[{"href":"https:\/\/www.tafeldeko.de\/news\/wp-json\/wp\/v2\/pages"}],"about":[{"href":"https:\/\/www.tafeldeko.de\/news\/wp-json\/wp\/v2\/types\/page"}],"author":[{"embeddable":true,"href":"https:\/\/www.tafeldeko.de\/news\/wp-json\/wp\/v2\/users\/9"}],"replies":[{"embeddable":true,"href":"https:\/\/www.tafeldeko.de\/news\/wp-json\/wp\/v2\/comments?post=9023"}],"version-history":[{"count":12,"href":"https:\/\/www.tafeldeko.de\/news\/wp-json\/wp\/v2\/pages\/9023\/revisions"}],"predecessor-version":[{"id":25882,"href":"https:\/\/www.tafeldeko.de\/news\/wp-json\/wp\/v2\/pages\/9023\/revisions\/25882"}],"wp:attachment":[{"href":"https:\/\/www.tafeldeko.de\/news\/wp-json\/wp\/v2\/media?parent=9023"}],"curies":[{"name":"wp","href":"https:\/\/api.w.org\/{rel}","templated":true}]}}